{"id":939,"date":"2014-02-13T11:48:14","date_gmt":"2014-02-13T10:48:14","guid":{"rendered":"http:\/\/www.audrey-gerber.com\/?page_id=939"},"modified":"2016-09-09T20:17:53","modified_gmt":"2016-09-09T19:17:53","slug":"mar-lodj","status":"publish","type":"page","link":"http:\/\/www.audrey-gerber.com\/?page_id=939","title":{"rendered":"Mar Lodj &#8211; Un village au S\u00e9n\u00e9gal"},"content":{"rendered":"<p><!-- index.php -->\n<div\n\tclass=\"ngg-galleryoverview ngg-ajax-pagination-none\"\n\tid=\"ngg-gallery-960-1\">\n\n    \t\t<!-- Thumbnails -->\n\t\t\t\t<div id=\"ngg-image-0\" class=\"ngg-gallery-thumbnail-box\" >\n\t\t\t\t        <div class=\"ngg-gallery-thumbnail\">\n            <a href=\"http:\/\/www.audrey-gerber.com\/wp-content\/gallery\/marlodj\/1-dsc_2991_marlodge2014-900px.jpg\"\n               title=\"\"\n               data-src=\"http:\/\/www.audrey-gerber.com\/wp-content\/gallery\/marlodj\/1-dsc_2991_marlodge2014-900px.jpg\"\n               data-thumbnail=\"http:\/\/www.audrey-gerber.com\/wp-content\/gallery\/marlodj\/thumbs\/thumbs_1-dsc_2991_marlodge2014-900px.jpg\"\n               data-image-id=\"452\"\n               data-title=\"1-dsc_2991_marlodge2014-900px\"\n               data-description=\"\"\n               data-image-slug=\"1-dsc_2991_marlodge2014-900px\"\n               class=\"ngg-simplelightbox\" rel=\"960\">\n                <img\n                    title=\"1-dsc_2991_marlodge2014-900px\"\n                    alt=\"1-dsc_2991_marlodge2014-900px\"\n                    src=\"http:\/\/www.audrey-gerber.com\/wp-content\/gallery\/marlodj\/thumbs\/thumbs_1-dsc_2991_marlodge2014-900px.jpg\"\n                    width=\"150\"\n                    height=\"100\"\n                    style=\"max-width:100%;\"\n                \/>\n            <\/a>\n        <\/div>\n\t\t\t\t\t\t\t<\/div> \n\t\t\t\n        \n\t\t\t\t<div id=\"ngg-image-1\" class=\"ngg-gallery-thumbnail-box\" >\n\t\t\t\t        <div class=\"ngg-gallery-thumbnail\">\n            <a href=\"http:\/\/www.audrey-gerber.com\/wp-content\/gallery\/marlodj\/2-dsc_2831_marlodge2014-900px.jpg\"\n               title=\"\"\n               data-src=\"http:\/\/www.audrey-gerber.com\/wp-content\/gallery\/marlodj\/2-dsc_2831_marlodge2014-900px.jpg\"\n               data-thumbnail=\"http:\/\/www.audrey-gerber.com\/wp-content\/gallery\/marlodj\/thumbs\/thumbs_2-dsc_2831_marlodge2014-900px.jpg\"\n               data-image-id=\"453\"\n               data-title=\"2-dsc_2831_marlodge2014-900px\"\n               data-description=\"\"\n               data-image-slug=\"2-dsc_2831_marlodge2014-900px\"\n               class=\"ngg-simplelightbox\" rel=\"960\">\n                <img\n                    title=\"2-dsc_2831_marlodge2014-900px\"\n                    alt=\"2-dsc_2831_marlodge2014-900px\"\n                    src=\"http:\/\/www.audrey-gerber.com\/wp-content\/gallery\/marlodj\/thumbs\/thumbs_2-dsc_2831_marlodge2014-900px.jpg\"\n                    width=\"150\"\n                    height=\"100\"\n                    style=\"max-width:100%;\"\n                \/>\n            <\/a>\n        <\/div>\n\t\t\t\t\t\t\t<\/div> \n\t\t\t\n        \n\t\t\t\t<div id=\"ngg-image-2\" class=\"ngg-gallery-thumbnail-box\" >\n\t\t\t\t        <div class=\"ngg-gallery-thumbnail\">\n            <a href=\"http:\/\/www.audrey-gerber.com\/wp-content\/gallery\/marlodj\/3-dsc_2819_marlodge2014-900px.jpg\"\n               title=\"\"\n               data-src=\"http:\/\/www.audrey-gerber.com\/wp-content\/gallery\/marlodj\/3-dsc_2819_marlodge2014-900px.jpg\"\n               data-thumbnail=\"http:\/\/www.audrey-gerber.com\/wp-content\/gallery\/marlodj\/thumbs\/thumbs_3-dsc_2819_marlodge2014-900px.jpg\"\n               data-image-id=\"454\"\n               data-title=\"3-dsc_2819_marlodge2014-900px\"\n               data-description=\"\"\n               data-image-slug=\"3-dsc_2819_marlodge2014-900px\"\n               class=\"ngg-simplelightbox\" rel=\"960\">\n                <img\n                    title=\"3-dsc_2819_marlodge2014-900px\"\n                    alt=\"3-dsc_2819_marlodge2014-900px\"\n                    src=\"http:\/\/www.audrey-gerber.com\/wp-content\/gallery\/marlodj\/thumbs\/thumbs_3-dsc_2819_marlodge2014-900px.jpg\"\n                    width=\"150\"\n                    height=\"100\"\n                    style=\"max-width:100%;\"\n                \/>\n            <\/a>\n        <\/div>\n\t\t\t\t\t\t\t<\/div> \n\t\t\t\n        \n\t\t\t\t<div id=\"ngg-image-3\" class=\"ngg-gallery-thumbnail-box\" >\n\t\t\t\t        <div class=\"ngg-gallery-thumbnail\">\n            <a href=\"http:\/\/www.audrey-gerber.com\/wp-content\/gallery\/marlodj\/4-DSC_2880b_marlodge2014-900px-1.JPG\"\n               title=\"\"\n               data-src=\"http:\/\/www.audrey-gerber.com\/wp-content\/gallery\/marlodj\/4-DSC_2880b_marlodge2014-900px-1.JPG\"\n               data-thumbnail=\"http:\/\/www.audrey-gerber.com\/wp-content\/gallery\/marlodj\/thumbs\/thumbs_4-DSC_2880b_marlodge2014-900px-1.JPG\"\n               data-image-id=\"950\"\n               data-title=\"4-DSC_2880b_marlodge2014-900px\"\n               data-description=\"\"\n               data-image-slug=\"4-dsc_2880b_marlodge2014-900px\"\n               class=\"ngg-simplelightbox\" rel=\"960\">\n                <img\n                    title=\"4-DSC_2880b_marlodge2014-900px\"\n                    alt=\"4-DSC_2880b_marlodge2014-900px\"\n                    src=\"http:\/\/www.audrey-gerber.com\/wp-content\/gallery\/marlodj\/thumbs\/thumbs_4-DSC_2880b_marlodge2014-900px-1.JPG\"\n                    width=\"150\"\n                    height=\"100\"\n                    style=\"max-width:100%;\"\n                \/>\n            <\/a>\n        <\/div>\n\t\t\t\t\t\t\t<\/div> \n\t\t\t\n        \n\t\t\t\t<div id=\"ngg-image-4\" class=\"ngg-gallery-thumbnail-box\" >\n\t\t\t\t        <div class=\"ngg-gallery-thumbnail\">\n            <a href=\"http:\/\/www.audrey-gerber.com\/wp-content\/gallery\/marlodj\/5-dsc_2839_marlodge2014-900px.jpg\"\n               title=\"\"\n               data-src=\"http:\/\/www.audrey-gerber.com\/wp-content\/gallery\/marlodj\/5-dsc_2839_marlodge2014-900px.jpg\"\n               data-thumbnail=\"http:\/\/www.audrey-gerber.com\/wp-content\/gallery\/marlodj\/thumbs\/thumbs_5-dsc_2839_marlodge2014-900px.jpg\"\n               data-image-id=\"456\"\n               data-title=\"5-dsc_2839_marlodge2014-900px\"\n               data-description=\"\"\n               data-image-slug=\"5-dsc_2839_marlodge2014-900px\"\n               class=\"ngg-simplelightbox\" rel=\"960\">\n                <img\n                    title=\"5-dsc_2839_marlodge2014-900px\"\n                    alt=\"5-dsc_2839_marlodge2014-900px\"\n                    src=\"http:\/\/www.audrey-gerber.com\/wp-content\/gallery\/marlodj\/thumbs\/thumbs_5-dsc_2839_marlodge2014-900px.jpg\"\n                    width=\"150\"\n                    height=\"100\"\n                    style=\"max-width:100%;\"\n                \/>\n            <\/a>\n        <\/div>\n\t\t\t\t\t\t\t<\/div> \n\t\t\t\n        \n\t\t\t\t<div id=\"ngg-image-5\" class=\"ngg-gallery-thumbnail-box\" >\n\t\t\t\t        <div class=\"ngg-gallery-thumbnail\">\n            <a href=\"http:\/\/www.audrey-gerber.com\/wp-content\/gallery\/marlodj\/6-dsc_2892_marlodge2014-900px.jpg\"\n               title=\"\"\n               data-src=\"http:\/\/www.audrey-gerber.com\/wp-content\/gallery\/marlodj\/6-dsc_2892_marlodge2014-900px.jpg\"\n               data-thumbnail=\"http:\/\/www.audrey-gerber.com\/wp-content\/gallery\/marlodj\/thumbs\/thumbs_6-dsc_2892_marlodge2014-900px.jpg\"\n               data-image-id=\"457\"\n               data-title=\"6-dsc_2892_marlodge2014-900px\"\n               data-description=\"\"\n               data-image-slug=\"6-dsc_2892_marlodge2014-900px\"\n               class=\"ngg-simplelightbox\" rel=\"960\">\n                <img\n                    title=\"6-dsc_2892_marlodge2014-900px\"\n                    alt=\"6-dsc_2892_marlodge2014-900px\"\n                    src=\"http:\/\/www.audrey-gerber.com\/wp-content\/gallery\/marlodj\/thumbs\/thumbs_6-dsc_2892_marlodge2014-900px.jpg\"\n                    width=\"150\"\n                    height=\"100\"\n                    style=\"max-width:100%;\"\n                \/>\n            <\/a>\n        <\/div>\n\t\t\t\t\t\t\t<\/div> \n\t\t\t\n        \n\t\t\t\t<div id=\"ngg-image-6\" class=\"ngg-gallery-thumbnail-box\" >\n\t\t\t\t        <div class=\"ngg-gallery-thumbnail\">\n            <a href=\"http:\/\/www.audrey-gerber.com\/wp-content\/gallery\/marlodj\/7-dsc_2908_marlodge2014-900px.jpg\"\n               title=\"\"\n               data-src=\"http:\/\/www.audrey-gerber.com\/wp-content\/gallery\/marlodj\/7-dsc_2908_marlodge2014-900px.jpg\"\n               data-thumbnail=\"http:\/\/www.audrey-gerber.com\/wp-content\/gallery\/marlodj\/thumbs\/thumbs_7-dsc_2908_marlodge2014-900px.jpg\"\n               data-image-id=\"458\"\n               data-title=\"7-dsc_2908_marlodge2014-900px\"\n               data-description=\"\"\n               data-image-slug=\"7-dsc_2908_marlodge2014-900px\"\n               class=\"ngg-simplelightbox\" rel=\"960\">\n                <img\n                    title=\"7-dsc_2908_marlodge2014-900px\"\n                    alt=\"7-dsc_2908_marlodge2014-900px\"\n                    src=\"http:\/\/www.audrey-gerber.com\/wp-content\/gallery\/marlodj\/thumbs\/thumbs_7-dsc_2908_marlodge2014-900px.jpg\"\n                    width=\"150\"\n                    height=\"100\"\n                    style=\"max-width:100%;\"\n                \/>\n            <\/a>\n        <\/div>\n\t\t\t\t\t\t\t<\/div> \n\t\t\t\n        \n\t\t\t\t<div id=\"ngg-image-7\" class=\"ngg-gallery-thumbnail-box\" >\n\t\t\t\t        <div class=\"ngg-gallery-thumbnail\">\n            <a href=\"http:\/\/www.audrey-gerber.com\/wp-content\/gallery\/marlodj\/8-dsc_2922_marlodge2014-900px.jpg\"\n               title=\"\"\n               data-src=\"http:\/\/www.audrey-gerber.com\/wp-content\/gallery\/marlodj\/8-dsc_2922_marlodge2014-900px.jpg\"\n               data-thumbnail=\"http:\/\/www.audrey-gerber.com\/wp-content\/gallery\/marlodj\/thumbs\/thumbs_8-dsc_2922_marlodge2014-900px.jpg\"\n               data-image-id=\"459\"\n               data-title=\"8-dsc_2922_marlodge2014-900px\"\n               data-description=\"\"\n               data-image-slug=\"8-dsc_2922_marlodge2014-900px\"\n               class=\"ngg-simplelightbox\" rel=\"960\">\n                <img\n                    title=\"8-dsc_2922_marlodge2014-900px\"\n                    alt=\"8-dsc_2922_marlodge2014-900px\"\n                    src=\"http:\/\/www.audrey-gerber.com\/wp-content\/gallery\/marlodj\/thumbs\/thumbs_8-dsc_2922_marlodge2014-900px.jpg\"\n                    width=\"150\"\n                    height=\"100\"\n                    style=\"max-width:100%;\"\n                \/>\n            <\/a>\n        <\/div>\n\t\t\t\t\t\t\t<\/div> \n\t\t\t\n        \n\t\t\t\t<div id=\"ngg-image-8\" class=\"ngg-gallery-thumbnail-box\" >\n\t\t\t\t        <div class=\"ngg-gallery-thumbnail\">\n            <a href=\"http:\/\/www.audrey-gerber.com\/wp-content\/gallery\/marlodj\/9-dsc_2988_marlodge2014-900px.jpg\"\n               title=\"\"\n               data-src=\"http:\/\/www.audrey-gerber.com\/wp-content\/gallery\/marlodj\/9-dsc_2988_marlodge2014-900px.jpg\"\n               data-thumbnail=\"http:\/\/www.audrey-gerber.com\/wp-content\/gallery\/marlodj\/thumbs\/thumbs_9-dsc_2988_marlodge2014-900px.jpg\"\n               data-image-id=\"460\"\n               data-title=\"9-dsc_2988_marlodge2014-900px\"\n               data-description=\"\"\n               data-image-slug=\"9-dsc_2988_marlodge2014-900px\"\n               class=\"ngg-simplelightbox\" rel=\"960\">\n                <img\n                    title=\"9-dsc_2988_marlodge2014-900px\"\n                    alt=\"9-dsc_2988_marlodge2014-900px\"\n                    src=\"http:\/\/www.audrey-gerber.com\/wp-content\/gallery\/marlodj\/thumbs\/thumbs_9-dsc_2988_marlodge2014-900px.jpg\"\n                    width=\"150\"\n                    height=\"100\"\n                    style=\"max-width:100%;\"\n                \/>\n            <\/a>\n        <\/div>\n\t\t\t\t\t\t\t<\/div> \n\t\t\t\n        \n\t\t\t\t<div id=\"ngg-image-9\" class=\"ngg-gallery-thumbnail-box\" >\n\t\t\t\t        <div class=\"ngg-gallery-thumbnail\">\n            <a href=\"http:\/\/www.audrey-gerber.com\/wp-content\/gallery\/marlodj\/10-dsc_2985_marlodge2014-900px.jpg\"\n               title=\"\"\n               data-src=\"http:\/\/www.audrey-gerber.com\/wp-content\/gallery\/marlodj\/10-dsc_2985_marlodge2014-900px.jpg\"\n               data-thumbnail=\"http:\/\/www.audrey-gerber.com\/wp-content\/gallery\/marlodj\/thumbs\/thumbs_10-dsc_2985_marlodge2014-900px.jpg\"\n               data-image-id=\"461\"\n               data-title=\"10-dsc_2985_marlodge2014-900px\"\n               data-description=\"\"\n               data-image-slug=\"10-dsc_2985_marlodge2014-900px\"\n               class=\"ngg-simplelightbox\" rel=\"960\">\n                <img\n                    title=\"10-dsc_2985_marlodge2014-900px\"\n                    alt=\"10-dsc_2985_marlodge2014-900px\"\n                    src=\"http:\/\/www.audrey-gerber.com\/wp-content\/gallery\/marlodj\/thumbs\/thumbs_10-dsc_2985_marlodge2014-900px.jpg\"\n                    width=\"150\"\n                    height=\"100\"\n                    style=\"max-width:100%;\"\n                \/>\n            <\/a>\n        <\/div>\n\t\t\t\t\t\t\t<\/div> \n\t\t\t\n        \n\t\t\t\t<div id=\"ngg-image-10\" class=\"ngg-gallery-thumbnail-box\" >\n\t\t\t\t        <div class=\"ngg-gallery-thumbnail\">\n            <a href=\"http:\/\/www.audrey-gerber.com\/wp-content\/gallery\/marlodj\/11-dsc_3009_marlodge2014-900px.jpg\"\n               title=\"\"\n               data-src=\"http:\/\/www.audrey-gerber.com\/wp-content\/gallery\/marlodj\/11-dsc_3009_marlodge2014-900px.jpg\"\n               data-thumbnail=\"http:\/\/www.audrey-gerber.com\/wp-content\/gallery\/marlodj\/thumbs\/thumbs_11-dsc_3009_marlodge2014-900px.jpg\"\n               data-image-id=\"462\"\n               data-title=\"11-dsc_3009_marlodge2014-900px\"\n               data-description=\"\"\n               data-image-slug=\"11-dsc_3009_marlodge2014-900px\"\n               class=\"ngg-simplelightbox\" rel=\"960\">\n                <img\n                    title=\"11-dsc_3009_marlodge2014-900px\"\n                    alt=\"11-dsc_3009_marlodge2014-900px\"\n                    src=\"http:\/\/www.audrey-gerber.com\/wp-content\/gallery\/marlodj\/thumbs\/thumbs_11-dsc_3009_marlodge2014-900px.jpg\"\n                    width=\"150\"\n                    height=\"100\"\n                    style=\"max-width:100%;\"\n                \/>\n            <\/a>\n        <\/div>\n\t\t\t\t\t\t\t<\/div> \n\t\t\t\n        \n\t\t\t\t<div id=\"ngg-image-11\" class=\"ngg-gallery-thumbnail-box\" >\n\t\t\t\t        <div class=\"ngg-gallery-thumbnail\">\n            <a href=\"http:\/\/www.audrey-gerber.com\/wp-content\/gallery\/marlodj\/12-dsc_2924_marlodge2014-900px.jpg\"\n               title=\"\"\n               data-src=\"http:\/\/www.audrey-gerber.com\/wp-content\/gallery\/marlodj\/12-dsc_2924_marlodge2014-900px.jpg\"\n               data-thumbnail=\"http:\/\/www.audrey-gerber.com\/wp-content\/gallery\/marlodj\/thumbs\/thumbs_12-dsc_2924_marlodge2014-900px.jpg\"\n               data-image-id=\"463\"\n               data-title=\"12-dsc_2924_marlodge2014-900px\"\n               data-description=\"\"\n               data-image-slug=\"12-dsc_2924_marlodge2014-900px\"\n               class=\"ngg-simplelightbox\" rel=\"960\">\n                <img\n                    title=\"12-dsc_2924_marlodge2014-900px\"\n                    alt=\"12-dsc_2924_marlodge2014-900px\"\n                    src=\"http:\/\/www.audrey-gerber.com\/wp-content\/gallery\/marlodj\/thumbs\/thumbs_12-dsc_2924_marlodge2014-900px.jpg\"\n                    width=\"150\"\n                    height=\"100\"\n                    style=\"max-width:100%;\"\n                \/>\n            <\/a>\n        <\/div>\n\t\t\t\t\t\t\t<\/div> \n\t\t\t\n        \n\t\t\t\t<div id=\"ngg-image-12\" class=\"ngg-gallery-thumbnail-box\" >\n\t\t\t\t        <div class=\"ngg-gallery-thumbnail\">\n            <a href=\"http:\/\/www.audrey-gerber.com\/wp-content\/gallery\/marlodj\/13-dsc_2997_marlodge2014-900px.jpg\"\n               title=\"\"\n               data-src=\"http:\/\/www.audrey-gerber.com\/wp-content\/gallery\/marlodj\/13-dsc_2997_marlodge2014-900px.jpg\"\n               data-thumbnail=\"http:\/\/www.audrey-gerber.com\/wp-content\/gallery\/marlodj\/thumbs\/thumbs_13-dsc_2997_marlodge2014-900px.jpg\"\n               data-image-id=\"464\"\n               data-title=\"13-dsc_2997_marlodge2014-900px\"\n               data-description=\"\"\n               data-image-slug=\"13-dsc_2997_marlodge2014-900px\"\n               class=\"ngg-simplelightbox\" rel=\"960\">\n                <img\n                    title=\"13-dsc_2997_marlodge2014-900px\"\n                    alt=\"13-dsc_2997_marlodge2014-900px\"\n                    src=\"http:\/\/www.audrey-gerber.com\/wp-content\/gallery\/marlodj\/thumbs\/thumbs_13-dsc_2997_marlodge2014-900px.jpg\"\n                    width=\"150\"\n                    height=\"100\"\n                    style=\"max-width:100%;\"\n                \/>\n            <\/a>\n        <\/div>\n\t\t\t\t\t\t\t<\/div> \n\t\t\t\n        \n\t\t\t\t<div id=\"ngg-image-13\" class=\"ngg-gallery-thumbnail-box\" >\n\t\t\t\t        <div class=\"ngg-gallery-thumbnail\">\n            <a href=\"http:\/\/www.audrey-gerber.com\/wp-content\/gallery\/marlodj\/14-dsc_2960_marlodge2014-900px.jpg\"\n               title=\"\"\n               data-src=\"http:\/\/www.audrey-gerber.com\/wp-content\/gallery\/marlodj\/14-dsc_2960_marlodge2014-900px.jpg\"\n               data-thumbnail=\"http:\/\/www.audrey-gerber.com\/wp-content\/gallery\/marlodj\/thumbs\/thumbs_14-dsc_2960_marlodge2014-900px.jpg\"\n               data-image-id=\"465\"\n               data-title=\"14-dsc_2960_marlodge2014-900px\"\n               data-description=\"\"\n               data-image-slug=\"14-dsc_2960_marlodge2014-900px\"\n               class=\"ngg-simplelightbox\" rel=\"960\">\n                <img\n                    title=\"14-dsc_2960_marlodge2014-900px\"\n                    alt=\"14-dsc_2960_marlodge2014-900px\"\n                    src=\"http:\/\/www.audrey-gerber.com\/wp-content\/gallery\/marlodj\/thumbs\/thumbs_14-dsc_2960_marlodge2014-900px.jpg\"\n                    width=\"150\"\n                    height=\"100\"\n                    style=\"max-width:100%;\"\n                \/>\n            <\/a>\n        <\/div>\n\t\t\t\t\t\t\t<\/div> \n\t\t\t\n        \n\t\t\t\t<div id=\"ngg-image-14\" class=\"ngg-gallery-thumbnail-box\" >\n\t\t\t\t        <div class=\"ngg-gallery-thumbnail\">\n            <a href=\"http:\/\/www.audrey-gerber.com\/wp-content\/gallery\/marlodj\/15-dsc_3036_marlodge2014-900px.jpg\"\n               title=\"\"\n               data-src=\"http:\/\/www.audrey-gerber.com\/wp-content\/gallery\/marlodj\/15-dsc_3036_marlodge2014-900px.jpg\"\n               data-thumbnail=\"http:\/\/www.audrey-gerber.com\/wp-content\/gallery\/marlodj\/thumbs\/thumbs_15-dsc_3036_marlodge2014-900px.jpg\"\n               data-image-id=\"466\"\n               data-title=\"15-dsc_3036_marlodge2014-900px\"\n               data-description=\"\"\n               data-image-slug=\"15-dsc_3036_marlodge2014-900px\"\n               class=\"ngg-simplelightbox\" rel=\"960\">\n                <img\n                    title=\"15-dsc_3036_marlodge2014-900px\"\n                    alt=\"15-dsc_3036_marlodge2014-900px\"\n                    src=\"http:\/\/www.audrey-gerber.com\/wp-content\/gallery\/marlodj\/thumbs\/thumbs_15-dsc_3036_marlodge2014-900px.jpg\"\n                    width=\"150\"\n                    height=\"100\"\n                    style=\"max-width:100%;\"\n                \/>\n            <\/a>\n        <\/div>\n\t\t\t\t\t\t\t<\/div> \n\t\t\t\n        \n\t\t\t\t<div id=\"ngg-image-15\" class=\"ngg-gallery-thumbnail-box\" >\n\t\t\t\t        <div class=\"ngg-gallery-thumbnail\">\n            <a href=\"http:\/\/www.audrey-gerber.com\/wp-content\/gallery\/marlodj\/16-dsc_3024_marlodge2014-900px.jpg\"\n               title=\"\"\n               data-src=\"http:\/\/www.audrey-gerber.com\/wp-content\/gallery\/marlodj\/16-dsc_3024_marlodge2014-900px.jpg\"\n               data-thumbnail=\"http:\/\/www.audrey-gerber.com\/wp-content\/gallery\/marlodj\/thumbs\/thumbs_16-dsc_3024_marlodge2014-900px.jpg\"\n               data-image-id=\"467\"\n               data-title=\"16-dsc_3024_marlodge2014-900px\"\n               data-description=\"\"\n               data-image-slug=\"16-dsc_3024_marlodge2014-900px\"\n               class=\"ngg-simplelightbox\" rel=\"960\">\n                <img\n                    title=\"16-dsc_3024_marlodge2014-900px\"\n                    alt=\"16-dsc_3024_marlodge2014-900px\"\n                    src=\"http:\/\/www.audrey-gerber.com\/wp-content\/gallery\/marlodj\/thumbs\/thumbs_16-dsc_3024_marlodge2014-900px.jpg\"\n                    width=\"150\"\n                    height=\"100\"\n                    style=\"max-width:100%;\"\n                \/>\n            <\/a>\n        <\/div>\n\t\t\t\t\t\t\t<\/div> \n\t\t\t\n        \n\t\t\t\t<div id=\"ngg-image-16\" class=\"ngg-gallery-thumbnail-box\" >\n\t\t\t\t        <div class=\"ngg-gallery-thumbnail\">\n            <a href=\"http:\/\/www.audrey-gerber.com\/wp-content\/gallery\/marlodj\/17-dsc0580_marlodge2014-900px.jpg\"\n               title=\"\"\n               data-src=\"http:\/\/www.audrey-gerber.com\/wp-content\/gallery\/marlodj\/17-dsc0580_marlodge2014-900px.jpg\"\n               data-thumbnail=\"http:\/\/www.audrey-gerber.com\/wp-content\/gallery\/marlodj\/thumbs\/thumbs_17-dsc0580_marlodge2014-900px.jpg\"\n               data-image-id=\"468\"\n               data-title=\"17-dsc0580_marlodge2014-900px\"\n               data-description=\"\"\n               data-image-slug=\"17-dsc0580_marlodge2014-900px\"\n               class=\"ngg-simplelightbox\" rel=\"960\">\n                <img\n                    title=\"17-dsc0580_marlodge2014-900px\"\n                    alt=\"17-dsc0580_marlodge2014-900px\"\n                    src=\"http:\/\/www.audrey-gerber.com\/wp-content\/gallery\/marlodj\/thumbs\/thumbs_17-dsc0580_marlodge2014-900px.jpg\"\n                    width=\"150\"\n                    height=\"100\"\n                    style=\"max-width:100%;\"\n                \/>\n            <\/a>\n        <\/div>\n\t\t\t\t\t\t\t<\/div> \n\t\t\t\n        \n\t\t\t\t<div id=\"ngg-image-17\" class=\"ngg-gallery-thumbnail-box\" >\n\t\t\t\t        <div class=\"ngg-gallery-thumbnail\">\n            <a href=\"http:\/\/www.audrey-gerber.com\/wp-content\/gallery\/marlodj\/18-dsc_3003_marlodge2014-900px.jpg\"\n               title=\"\"\n               data-src=\"http:\/\/www.audrey-gerber.com\/wp-content\/gallery\/marlodj\/18-dsc_3003_marlodge2014-900px.jpg\"\n               data-thumbnail=\"http:\/\/www.audrey-gerber.com\/wp-content\/gallery\/marlodj\/thumbs\/thumbs_18-dsc_3003_marlodge2014-900px.jpg\"\n               data-image-id=\"469\"\n               data-title=\"18-dsc_3003_marlodge2014-900px\"\n               data-description=\"\"\n               data-image-slug=\"18-dsc_3003_marlodge2014-900px\"\n               class=\"ngg-simplelightbox\" rel=\"960\">\n                <img\n                    title=\"18-dsc_3003_marlodge2014-900px\"\n                    alt=\"18-dsc_3003_marlodge2014-900px\"\n                    src=\"http:\/\/www.audrey-gerber.com\/wp-content\/gallery\/marlodj\/thumbs\/thumbs_18-dsc_3003_marlodge2014-900px.jpg\"\n                    width=\"150\"\n                    height=\"100\"\n                    style=\"max-width:100%;\"\n                \/>\n            <\/a>\n        <\/div>\n\t\t\t\t\t\t\t<\/div> \n\t\t\t\n        \n\t\t\n\t\t<!-- Pagination -->\n\t<div class='ngg-clear'><\/div>\t<\/div>\n<\/p>\n<p style=\"text-align: justify;\">Ces photographies ont \u00e9t\u00e9 r\u00e9alis\u00e9es \u00e0 Mar Lodj, village situ\u00e9 dans les Iles du Sin\u00e9 Saloum au S\u00e9n\u00e9gal.\u00a0Ce reportage pr\u00e9sente un village traditionnel avec ses places, ses ruelles, ses habitants et les activit\u00e9s qui s\u2019y d\u00e9roulent.\u00a0Les espaces de vie photographi\u00e9s sont presque d\u00e9serts, cr\u00e9ant ainsi une atmosph\u00e8re myst\u00e9rieuse et intrigante.\u00a0Cela contraste avec les portraits qui nous\u00a0renvoient\u00a0la chaleur et l&rsquo;amabilit\u00e9 des\u00a0habitants, que l&rsquo;on d\u00e9couvre de fa\u00e7on plus intime\u00a0durant leur\u00a0activit\u00e9 du moment.<\/p>\n<p><a title=\"reportage\" href=\"http:\/\/www.audrey-gerber.com\/?page_id=118\">&lt;<br \/>\n<\/a><\/p>\n","protected":false},"excerpt":{"rendered":"<p>Ces photographies ont \u00e9t\u00e9 r\u00e9alis\u00e9es \u00e0 Mar Lodj, village situ\u00e9 dans les Iles du Sin\u00e9 Saloum au S\u00e9n\u00e9gal.\u00a0Ce reportage pr\u00e9sente un village traditionnel avec ses places, ses ruelles, ses habitants et les activit\u00e9s qui s\u2019y d\u00e9roulent.\u00a0Les espaces de vie photographi\u00e9s sont presque d\u00e9serts, cr\u00e9ant ainsi une atmosph\u00e8re myst\u00e9rieuse et intrigante.\u00a0Cela contraste avec les portraits qui [&hellip;]<\/p>\n","protected":false},"author":2,"featured_media":0,"parent":0,"menu_order":0,"comment_status":"closed","ping_status":"closed","template":"template-full.php","meta":{"ngg_post_thumbnail":0},"_links":{"self":[{"href":"http:\/\/www.audrey-gerber.com\/index.php?rest_route=\/wp\/v2\/pages\/939"}],"collection":[{"href":"http:\/\/www.audrey-gerber.com\/index.php?rest_route=\/wp\/v2\/pages"}],"about":[{"href":"http:\/\/www.audrey-gerber.com\/index.php?rest_route=\/wp\/v2\/types\/page"}],"author":[{"embeddable":true,"href":"http:\/\/www.audrey-gerber.com\/index.php?rest_route=\/wp\/v2\/users\/2"}],"replies":[{"embeddable":true,"href":"http:\/\/www.audrey-gerber.com\/index.php?rest_route=%2Fwp%2Fv2%2Fcomments&post=939"}],"version-history":[{"count":27,"href":"http:\/\/www.audrey-gerber.com\/index.php?rest_route=\/wp\/v2\/pages\/939\/revisions"}],"predecessor-version":[{"id":2284,"href":"http:\/\/www.audrey-gerber.com\/index.php?rest_route=\/wp\/v2\/pages\/939\/revisions\/2284"}],"wp:attachment":[{"href":"http:\/\/www.audrey-gerber.com\/index.php?rest_route=%2Fwp%2Fv2%2Fmedia&parent=939"}],"curies":[{"name":"wp","href":"https:\/\/api.w.org\/{rel}","templated":true}]}}