{"id":1216,"date":"2014-03-27T14:44:38","date_gmt":"2014-03-27T13:44:38","guid":{"rendered":"http:\/\/www.audrey-gerber.com\/?post_type=product&#038;p=1216"},"modified":"2017-11-27T15:15:59","modified_gmt":"2017-11-27T14:15:59","slug":"paris-tour-13-forex-noir-3-mm","status":"publish","type":"product","link":"http:\/\/www.audrey-gerber.com\/?product=paris-tour-13-forex-noir-3-mm","title":{"rendered":"Street Art &#8211; THE"},"content":{"rendered":"<address>\u00a0<\/address>\n<address>Impression 20&#215;20 cm sur du Fujicolor Professional Paper Mat.<br \/>\nContre collage sur du Forex noir de 3 mm d&rsquo;\u00e9paisseur.<br \/>\nDos en Forex blanc 10 mm pour que l&rsquo;oeuvre se d\u00e9tache du mur.<br \/>\nSyst\u00e8me d&rsquo;accroche avec une rondelle de suspension de 13 mm de \u00a0\u00d8.<\/address>\n<address>\u00a0<\/address>\n<address>Le tirage n&rsquo;est pas prot\u00e9g\u00e9 contre les rayures et l&rsquo;humidit\u00e9.<\/address>\n<address>Entretien avec un chiffon doux et sec.<\/address>\n<p>&nbsp;<\/p>\n","protected":false},"excerpt":{"rendered":"<p>CONTRE COLLAGE SUR FOREX NOIR 3 MM<\/p>\n","protected":false},"featured_media":1958,"template":"","meta":{"ngg_post_thumbnail":0},"_links":{"self":[{"href":"http:\/\/www.audrey-gerber.com\/index.php?rest_route=\/wp\/v2\/product\/1216"}],"collection":[{"href":"http:\/\/www.audrey-gerber.com\/index.php?rest_route=\/wp\/v2\/product"}],"about":[{"href":"http:\/\/www.audrey-gerber.com\/index.php?rest_route=\/wp\/v2\/types\/product"}],"wp:featuredmedia":[{"embeddable":true,"href":"http:\/\/www.audrey-gerber.com\/index.php?rest_route=\/wp\/v2\/media\/1958"}],"wp:attachment":[{"href":"http:\/\/www.audrey-gerber.com\/index.php?rest_route=%2Fwp%2Fv2%2Fmedia&parent=1216"}],"curies":[{"name":"wp","href":"https:\/\/api.w.org\/{rel}","templated":true}]}}