{"id":1345,"date":"2014-05-08T17:26:45","date_gmt":"2014-05-08T16:26:45","guid":{"rendered":"http:\/\/www.audrey-gerber.com\/?product=tour-paris-13-2"},"modified":"2017-12-04T11:35:07","modified_gmt":"2017-12-04T10:35:07","slug":"tour-paris-13-2","status":"publish","type":"product","link":"http:\/\/www.audrey-gerber.com\/?product=tour-paris-13-2","title":{"rendered":"Street Art &#8211; Berlin &#8211; Guestbook 1, berlin"},"content":{"rendered":"<address>&nbsp;<\/address>\n<address>Impression 20&#215;20 cm sur du Fujicolor Professional Paper Mat.<br \/>\nContre collage sur du Forex noir de 3 mm d&rsquo;\u00e9paisseur.<br \/>\nDos en Forex blanc 10 mm pour que l&rsquo;oeuvre se d\u00e9tache du mur.<br \/>\nSyst\u00e8me d&rsquo;accroche avec une rondelle de suspension de 13 mm de &nbsp;\u00d8.<\/address>\n<address>&nbsp;<\/address>\n<address>Le tirage n&rsquo;est pas prot\u00e9g\u00e9 contre les rayures et l&rsquo;humidit\u00e9.<\/address>\n<address>Entretien avec un chiffon doux et sec.<\/address>\n<p>&nbsp;<\/p>\n","protected":false},"excerpt":{"rendered":"<p>CONTRE COLLAGE SUR FOREX NOIR 3 MM<\/p>\n","protected":false},"featured_media":1469,"template":"","meta":{"ngg_post_thumbnail":0},"_links":{"self":[{"href":"http:\/\/www.audrey-gerber.com\/index.php?rest_route=\/wp\/v2\/product\/1345"}],"collection":[{"href":"http:\/\/www.audrey-gerber.com\/index.php?rest_route=\/wp\/v2\/product"}],"about":[{"href":"http:\/\/www.audrey-gerber.com\/index.php?rest_route=\/wp\/v2\/types\/product"}],"wp:featuredmedia":[{"embeddable":true,"href":"http:\/\/www.audrey-gerber.com\/index.php?rest_route=\/wp\/v2\/media\/1469"}],"wp:attachment":[{"href":"http:\/\/www.audrey-gerber.com\/index.php?rest_route=%2Fwp%2Fv2%2Fmedia&parent=1345"}],"curies":[{"name":"wp","href":"https:\/\/api.w.org\/{rel}","templated":true}]}}