{"id":1364,"date":"2014-05-10T13:42:09","date_gmt":"2014-05-10T12:42:09","guid":{"rendered":"http:\/\/www.audrey-gerber.com\/?product=street-art-berlin-2"},"modified":"2017-11-27T15:14:20","modified_gmt":"2017-11-27T14:14:20","slug":"street-art-berlin-2","status":"publish","type":"product","link":"http:\/\/www.audrey-gerber.com\/?product=street-art-berlin-2","title":{"rendered":"Street Art &#8211; Berlin &#8211; Pigeon"},"content":{"rendered":"<address>\u00a0<\/address>\n<address>Impression 11,5&#215;11,5 cm sur du Fujicolor Crystal Archive Paper Supreme Mat.<br \/>\nContre collage sur du Forex blanc de 19 mm d&rsquo;\u00e9paisseur.<br \/>\nSyst\u00e8me d&rsquo;accroche avec une rondelle de suspension de 13 mm de \u00a0\u00d8.<\/address>\n<address>\u00a0<\/address>\n<address>Le tirage n&rsquo;est pas prot\u00e9g\u00e9 contre les rayures et l&rsquo;humidit\u00e9.<\/address>\n<address>Entretien avec un chiffon doux et sec.<\/address>\n<address>\u00a0<\/address>\n","protected":false},"excerpt":{"rendered":"<p>CONTRE COLLAGE SUR FOREX BLANC 19 MM<\/p>\n","protected":false},"featured_media":1839,"template":"","meta":{"ngg_post_thumbnail":0},"_links":{"self":[{"href":"http:\/\/www.audrey-gerber.com\/index.php?rest_route=\/wp\/v2\/product\/1364"}],"collection":[{"href":"http:\/\/www.audrey-gerber.com\/index.php?rest_route=\/wp\/v2\/product"}],"about":[{"href":"http:\/\/www.audrey-gerber.com\/index.php?rest_route=\/wp\/v2\/types\/product"}],"wp:featuredmedia":[{"embeddable":true,"href":"http:\/\/www.audrey-gerber.com\/index.php?rest_route=\/wp\/v2\/media\/1839"}],"wp:attachment":[{"href":"http:\/\/www.audrey-gerber.com\/index.php?rest_route=%2Fwp%2Fv2%2Fmedia&parent=1364"}],"curies":[{"name":"wp","href":"https:\/\/api.w.org\/{rel}","templated":true}]}}