{"id":1923,"date":"2014-09-12T17:55:44","date_gmt":"2014-09-12T16:55:44","guid":{"rendered":"http:\/\/www.audrey-gerber.com\/?product=street-art-berlin-femme-collage-2-copier"},"modified":"2017-11-27T15:13:54","modified_gmt":"2017-11-27T14:13:54","slug":"street-art-berlin-femme-collage-2-copier","status":"publish","type":"product","link":"http:\/\/www.audrey-gerber.com\/?product=street-art-berlin-femme-collage-2-copier","title":{"rendered":"Street Art &#8211; Berlin &#8211; mouton"},"content":{"rendered":"<address>\u00a0<\/address>\n<address>Impression 12&#215;12 cm sur du Fujicolor Professional Paper Mat.<br \/>\nContre collage sur de l&rsquo;aluminium d&rsquo;1 mm d&rsquo;\u00e9paisseur.<br \/>\nDos en Forex blanc 10 mm pour que l&rsquo;oeuvre se d\u00e9tache du mur.<br \/>\nSyst\u00e8me d&rsquo;accroche avec une rondelle de suspension de 13 mm de \u00a0\u00d8.<\/address>\n<address>\u00a0<\/address>\n<address>Le tirage n&rsquo;est pas prot\u00e9g\u00e9 contre les rayures et l&rsquo;humidit\u00e9.<\/address>\n<address>Entretien avec un chiffon doux et sec.<\/address>\n<p>&nbsp;<\/p>\n","protected":false},"excerpt":{"rendered":"<p>CONTRE COLLAGE SUR ALU 1 MM<\/p>\n","protected":false},"featured_media":1971,"template":"","meta":{"ngg_post_thumbnail":0},"_links":{"self":[{"href":"http:\/\/www.audrey-gerber.com\/index.php?rest_route=\/wp\/v2\/product\/1923"}],"collection":[{"href":"http:\/\/www.audrey-gerber.com\/index.php?rest_route=\/wp\/v2\/product"}],"about":[{"href":"http:\/\/www.audrey-gerber.com\/index.php?rest_route=\/wp\/v2\/types\/product"}],"wp:featuredmedia":[{"embeddable":true,"href":"http:\/\/www.audrey-gerber.com\/index.php?rest_route=\/wp\/v2\/media\/1971"}],"wp:attachment":[{"href":"http:\/\/www.audrey-gerber.com\/index.php?rest_route=%2Fwp%2Fv2%2Fmedia&parent=1923"}],"curies":[{"name":"wp","href":"https:\/\/api.w.org\/{rel}","templated":true}]}}