{"id":1990,"date":"2014-09-13T16:58:52","date_gmt":"2014-09-13T15:58:52","guid":{"rendered":"http:\/\/www.audrey-gerber.com\/?product=street-art-berlin-mouton"},"modified":"2017-11-27T15:15:32","modified_gmt":"2017-11-27T14:15:32","slug":"street-art-berlin-mouton","status":"publish","type":"product","link":"http:\/\/www.audrey-gerber.com\/?product=street-art-berlin-mouton","title":{"rendered":"Street Art &#8211; Berlin &#8211; mouton"},"content":{"rendered":"<address>&nbsp;<\/address>\n<address>Impression 20&#215;20 cm sur du Fujicolor Professional Paper Mat.<br \/>\nContre collage sur du Forex blanc de 19 mm d&rsquo;\u00e9paisseur.<br \/>\nSyst\u00e8me d&rsquo;accroche avec une rondelle de suspension de 13 mm de &nbsp;\u00d8.<\/address>\n<address>&nbsp;<\/address>\n<address>Le tirage n&rsquo;est pas prot\u00e9g\u00e9 contre les rayures et l&rsquo;humidit\u00e9.<\/address>\n<address>Entretien avec un chiffon doux et sec.<\/address>\n<p>&nbsp;<\/p>\n","protected":false},"excerpt":{"rendered":"<p>CONTRE COLLAGE SUR FOREX BLANC 19 MM<\/p>\n","protected":false},"featured_media":1992,"template":"","meta":{"ngg_post_thumbnail":0},"_links":{"self":[{"href":"http:\/\/www.audrey-gerber.com\/index.php?rest_route=\/wp\/v2\/product\/1990"}],"collection":[{"href":"http:\/\/www.audrey-gerber.com\/index.php?rest_route=\/wp\/v2\/product"}],"about":[{"href":"http:\/\/www.audrey-gerber.com\/index.php?rest_route=\/wp\/v2\/types\/product"}],"wp:featuredmedia":[{"embeddable":true,"href":"http:\/\/www.audrey-gerber.com\/index.php?rest_route=\/wp\/v2\/media\/1992"}],"wp:attachment":[{"href":"http:\/\/www.audrey-gerber.com\/index.php?rest_route=%2Fwp%2Fv2%2Fmedia&parent=1990"}],"curies":[{"name":"wp","href":"https:\/\/api.w.org\/{rel}","templated":true}]}}