{"id":2948,"date":"2018-03-06T17:21:44","date_gmt":"2018-03-06T16:21:44","guid":{"rendered":"http:\/\/www.audrey-gerber.com\/?post_type=product&#038;p=2948"},"modified":"2018-03-06T17:23:06","modified_gmt":"2018-03-06T16:23:06","slug":"street-art-berlin-kpd","status":"publish","type":"product","link":"http:\/\/www.audrey-gerber.com\/?product=street-art-berlin-kpd","title":{"rendered":"Street Art &#8211; Berlin &#8211; KPD"},"content":{"rendered":"<address>&nbsp;<\/address>\n<address>Impression 11,5&#215;11,5 cm sur du Fujicolor Crystal Archive Paper Supreme Mat.<br \/>\nContre collage sur MDF alv\u00e9olaire \u00e9pais de 20 mm.<br \/>\nSyst\u00e8me d&rsquo;accroche avec une rondelle de suspension de 13 mm de &nbsp;\u00d8.<\/address>\n<address>&nbsp;<\/address>\n<address>Le tirage n&rsquo;est pas prot\u00e9g\u00e9 contre les rayures et l&rsquo;humidit\u00e9.<\/address>\n<address>Entretien avec un chiffon doux et sec.<\/address>\n<address>&nbsp;<\/address>\n","protected":false},"excerpt":{"rendered":"<p>CONTRE COLLAGE SUR FOREX BLANC 19 MM<\/p>\n","protected":false},"featured_media":2939,"template":"","meta":{"ngg_post_thumbnail":0},"_links":{"self":[{"href":"http:\/\/www.audrey-gerber.com\/index.php?rest_route=\/wp\/v2\/product\/2948"}],"collection":[{"href":"http:\/\/www.audrey-gerber.com\/index.php?rest_route=\/wp\/v2\/product"}],"about":[{"href":"http:\/\/www.audrey-gerber.com\/index.php?rest_route=\/wp\/v2\/types\/product"}],"wp:featuredmedia":[{"embeddable":true,"href":"http:\/\/www.audrey-gerber.com\/index.php?rest_route=\/wp\/v2\/media\/2939"}],"wp:attachment":[{"href":"http:\/\/www.audrey-gerber.com\/index.php?rest_route=%2Fwp%2Fv2%2Fmedia&parent=2948"}],"curies":[{"name":"wp","href":"https:\/\/api.w.org\/{rel}","templated":true}]}}