{"id":1654,"date":"2014-06-29T11:47:41","date_gmt":"2014-06-29T10:47:41","guid":{"rendered":"http:\/\/www.audrey-gerber.com\/?page_id=1654"},"modified":"2018-03-07T13:36:54","modified_gmt":"2018-03-07T12:36:54","slug":"contre-collage","status":"publish","type":"page","link":"https:\/\/www.audrey-gerber.com\/?page_id=1654","title":{"rendered":"contre-collage"},"content":{"rendered":"<p><!-- index.php -->\n<div\n\tclass=\"ngg-galleryoverview ngg-ajax-pagination-none\"\n\tid=\"ngg-gallery-1997-1\">\n\n    \t\t<!-- Thumbnails -->\n\t\t\t\t<div id=\"ngg-image-0\" class=\"ngg-gallery-thumbnail-box\" >\n\t\t\t\t        <div class=\"ngg-gallery-thumbnail\">\n            <a href=\"https:\/\/www.audrey-gerber.com\/wp-content\/gallery\/contrecollage\/dsc_3230ret-pf.jpg\"\n               title=\"\"\n               data-src=\"https:\/\/www.audrey-gerber.com\/wp-content\/gallery\/contrecollage\/dsc_3230ret-pf.jpg\"\n               data-thumbnail=\"https:\/\/www.audrey-gerber.com\/wp-content\/gallery\/contrecollage\/thumbs\/thumbs_dsc_3230ret-pf.jpg\"\n               data-image-id=\"754\"\n               data-title=\"dsc3230ret-pf\"\n               data-description=\"\"\n               data-image-slug=\"dsc3230ret-pf-2\"\n               class=\"ngg-simplelightbox\" rel=\"1997\">\n                <img\n                    title=\"dsc3230ret-pf\"\n                    alt=\"dsc3230ret-pf\"\n                    src=\"https:\/\/www.audrey-gerber.com\/wp-content\/gallery\/contrecollage\/cache\/dsc_3230ret-pf.jpg-nggid03754-ngg0dyn-155x155x100-00f0w010c010r110f110r010t010.jpg\"\n                    width=\"155\"\n                    height=\"155\"\n                    style=\"max-width:100%;\"\n                \/>\n            <\/a>\n        <\/div>\n\t\t\t\t\t\t\t<\/div> \n\t\t\t\n                            \n\t\t\t\t<div id=\"ngg-image-1\" class=\"ngg-gallery-thumbnail-box\" >\n\t\t\t\t        <div class=\"ngg-gallery-thumbnail\">\n            <a href=\"https:\/\/www.audrey-gerber.com\/wp-content\/gallery\/contrecollage\/dsc3296ret-pf.jpg\"\n               title=\"\"\n               data-src=\"https:\/\/www.audrey-gerber.com\/wp-content\/gallery\/contrecollage\/dsc3296ret-pf.jpg\"\n               data-thumbnail=\"https:\/\/www.audrey-gerber.com\/wp-content\/gallery\/contrecollage\/thumbs\/thumbs_dsc3296ret-pf.jpg\"\n               data-image-id=\"877\"\n               data-title=\"dsc3296ret-pf\"\n               data-description=\"\"\n               data-image-slug=\"dsc3296ret-pf-2\"\n               class=\"ngg-simplelightbox\" rel=\"1997\">\n                <img\n                    title=\"dsc3296ret-pf\"\n                    alt=\"dsc3296ret-pf\"\n                    src=\"https:\/\/www.audrey-gerber.com\/wp-content\/gallery\/contrecollage\/cache\/dsc3296ret-pf.jpg-nggid03877-ngg0dyn-155x155x100-00f0w010c010r110f110r010t010.jpg\"\n                    width=\"155\"\n                    height=\"155\"\n                    style=\"max-width:100%;\"\n                \/>\n            <\/a>\n        <\/div>\n\t\t\t\t\t\t\t<\/div> \n\t\t\t\n                            \n\t\t\t\t<div id=\"ngg-image-2\" class=\"ngg-gallery-thumbnail-box\" >\n\t\t\t\t        <div class=\"ngg-gallery-thumbnail\">\n            <a href=\"https:\/\/www.audrey-gerber.com\/wp-content\/gallery\/contrecollage\/dsc3308ret2-pf.jpg\"\n               title=\"\"\n               data-src=\"https:\/\/www.audrey-gerber.com\/wp-content\/gallery\/contrecollage\/dsc3308ret2-pf.jpg\"\n               data-thumbnail=\"https:\/\/www.audrey-gerber.com\/wp-content\/gallery\/contrecollage\/thumbs\/thumbs_dsc3308ret2-pf.jpg\"\n               data-image-id=\"878\"\n               data-title=\"dsc3308ret2-pf\"\n               data-description=\"\"\n               data-image-slug=\"dsc3308ret2-pf-2\"\n               class=\"ngg-simplelightbox\" rel=\"1997\">\n                <img\n                    title=\"dsc3308ret2-pf\"\n                    alt=\"dsc3308ret2-pf\"\n                    src=\"https:\/\/www.audrey-gerber.com\/wp-content\/gallery\/contrecollage\/cache\/dsc3308ret2-pf.jpg-nggid03878-ngg0dyn-155x155x100-00f0w010c010r110f110r010t010.jpg\"\n                    width=\"155\"\n                    height=\"155\"\n                    style=\"max-width:100%;\"\n                \/>\n            <\/a>\n        <\/div>\n\t\t\t\t\t\t\t<\/div> \n\t\t\t\n                            \n\t\t\t\t<div id=\"ngg-image-3\" class=\"ngg-gallery-thumbnail-box\" >\n\t\t\t\t        <div class=\"ngg-gallery-thumbnail\">\n            <a href=\"https:\/\/www.audrey-gerber.com\/wp-content\/gallery\/contrecollage\/dsc3275-ret2-pf.jpg\"\n               title=\"\"\n               data-src=\"https:\/\/www.audrey-gerber.com\/wp-content\/gallery\/contrecollage\/dsc3275-ret2-pf.jpg\"\n               data-thumbnail=\"https:\/\/www.audrey-gerber.com\/wp-content\/gallery\/contrecollage\/thumbs\/thumbs_dsc3275-ret2-pf.jpg\"\n               data-image-id=\"755\"\n               data-title=\"dsc3275-ret2-pf\"\n               data-description=\"\"\n               data-image-slug=\"dsc3275-ret2-pf-2\"\n               class=\"ngg-simplelightbox\" rel=\"1997\">\n                <img\n                    title=\"dsc3275-ret2-pf\"\n                    alt=\"dsc3275-ret2-pf\"\n                    src=\"https:\/\/www.audrey-gerber.com\/wp-content\/gallery\/contrecollage\/cache\/dsc3275-ret2-pf.jpg-nggid03755-ngg0dyn-155x155x100-00f0w010c010r110f110r010t010.jpg\"\n                    width=\"155\"\n                    height=\"155\"\n                    style=\"max-width:100%;\"\n                \/>\n            <\/a>\n        <\/div>\n\t\t\t\t\t\t\t<\/div> \n\t\t\t\n                            \n\t\t\t\t<div id=\"ngg-image-4\" class=\"ngg-gallery-thumbnail-box\" >\n\t\t\t\t        <div class=\"ngg-gallery-thumbnail\">\n            <a href=\"https:\/\/www.audrey-gerber.com\/wp-content\/gallery\/contrecollage\/dsc3270ret-pf.jpg\"\n               title=\"\"\n               data-src=\"https:\/\/www.audrey-gerber.com\/wp-content\/gallery\/contrecollage\/dsc3270ret-pf.jpg\"\n               data-thumbnail=\"https:\/\/www.audrey-gerber.com\/wp-content\/gallery\/contrecollage\/thumbs\/thumbs_dsc3270ret-pf.jpg\"\n               data-image-id=\"881\"\n               data-title=\"dsc3270ret-pf\"\n               data-description=\"\"\n               data-image-slug=\"dsc3270ret-pf-2\"\n               class=\"ngg-simplelightbox\" rel=\"1997\">\n                <img\n                    title=\"dsc3270ret-pf\"\n                    alt=\"dsc3270ret-pf\"\n                    src=\"https:\/\/www.audrey-gerber.com\/wp-content\/gallery\/contrecollage\/cache\/dsc3270ret-pf.jpg-nggid03881-ngg0dyn-155x155x100-00f0w010c010r110f110r010t010.jpg\"\n                    width=\"155\"\n                    height=\"155\"\n                    style=\"max-width:100%;\"\n                \/>\n            <\/a>\n        <\/div>\n\t\t\t\t\t\t\t<\/div> \n\t\t\t\n                                    <br style=\"clear: both\" \/>\n                    \n\t\t\t\t<div id=\"ngg-image-5\" class=\"ngg-gallery-thumbnail-box\" >\n\t\t\t\t        <div class=\"ngg-gallery-thumbnail\">\n            <a href=\"https:\/\/www.audrey-gerber.com\/wp-content\/gallery\/contrecollage\/dsc3291ret-pf.jpg\"\n               title=\"\"\n               data-src=\"https:\/\/www.audrey-gerber.com\/wp-content\/gallery\/contrecollage\/dsc3291ret-pf.jpg\"\n               data-thumbnail=\"https:\/\/www.audrey-gerber.com\/wp-content\/gallery\/contrecollage\/thumbs\/thumbs_dsc3291ret-pf.jpg\"\n               data-image-id=\"758\"\n               data-title=\"dsc3291ret-pf\"\n               data-description=\"\"\n               data-image-slug=\"dsc3291ret-pf-2\"\n               class=\"ngg-simplelightbox\" rel=\"1997\">\n                <img\n                    title=\"dsc3291ret-pf\"\n                    alt=\"dsc3291ret-pf\"\n                    src=\"https:\/\/www.audrey-gerber.com\/wp-content\/gallery\/contrecollage\/cache\/dsc3291ret-pf.jpg-nggid03758-ngg0dyn-155x155x100-00f0w010c010r110f110r010t010.jpg\"\n                    width=\"155\"\n                    height=\"155\"\n                    style=\"max-width:100%;\"\n                \/>\n            <\/a>\n        <\/div>\n\t\t\t\t\t\t\t<\/div> \n\t\t\t\n                            \n\t\t\t\t<div id=\"ngg-image-6\" class=\"ngg-gallery-thumbnail-box\" >\n\t\t\t\t        <div class=\"ngg-gallery-thumbnail\">\n            <a href=\"https:\/\/www.audrey-gerber.com\/wp-content\/gallery\/contrecollage\/dsc0694ret-pf2.jpg\"\n               title=\"\"\n               data-src=\"https:\/\/www.audrey-gerber.com\/wp-content\/gallery\/contrecollage\/dsc0694ret-pf2.jpg\"\n               data-thumbnail=\"https:\/\/www.audrey-gerber.com\/wp-content\/gallery\/contrecollage\/thumbs\/thumbs_dsc0694ret-pf2.jpg\"\n               data-image-id=\"752\"\n               data-title=\"dsc0694ret-pf2\"\n               data-description=\"\"\n               data-image-slug=\"dsc0694ret-pf2-4\"\n               class=\"ngg-simplelightbox\" rel=\"1997\">\n                <img\n                    title=\"dsc0694ret-pf2\"\n                    alt=\"dsc0694ret-pf2\"\n                    src=\"https:\/\/www.audrey-gerber.com\/wp-content\/gallery\/contrecollage\/cache\/dsc0694ret-pf2.jpg-nggid03752-ngg0dyn-155x155x100-00f0w010c010r110f110r010t010.jpg\"\n                    width=\"155\"\n                    height=\"155\"\n                    style=\"max-width:100%;\"\n                \/>\n            <\/a>\n        <\/div>\n\t\t\t\t\t\t\t<\/div> \n\t\t\t\n                            \n\t\t\t\t<div id=\"ngg-image-7\" class=\"ngg-gallery-thumbnail-box\" >\n\t\t\t\t        <div class=\"ngg-gallery-thumbnail\">\n            <a href=\"https:\/\/www.audrey-gerber.com\/wp-content\/gallery\/contrecollage\/CADRE_MDF_ALVEOLAIRE_07_PF_900px.jpg\"\n               title=\"\"\n               data-src=\"https:\/\/www.audrey-gerber.com\/wp-content\/gallery\/contrecollage\/CADRE_MDF_ALVEOLAIRE_07_PF_900px.jpg\"\n               data-thumbnail=\"https:\/\/www.audrey-gerber.com\/wp-content\/gallery\/contrecollage\/thumbs\/thumbs_CADRE_MDF_ALVEOLAIRE_07_PF_900px.jpg\"\n               data-image-id=\"1045\"\n               data-title=\"CADRE_MDF_ALVEOLAIRE_07_PF_900px\"\n               data-description=\"\"\n               data-image-slug=\"cadre_mdf_alveolaire_07_pf_900px\"\n               class=\"ngg-simplelightbox\" rel=\"1997\">\n                <img\n                    title=\"CADRE_MDF_ALVEOLAIRE_07_PF_900px\"\n                    alt=\"CADRE_MDF_ALVEOLAIRE_07_PF_900px\"\n                    src=\"https:\/\/www.audrey-gerber.com\/wp-content\/gallery\/contrecollage\/cache\/CADRE_MDF_ALVEOLAIRE_07_PF_900px.jpg-nggid041045-ngg0dyn-155x155x100-00f0w010c010r110f110r010t010.jpg\"\n                    width=\"155\"\n                    height=\"155\"\n                    style=\"max-width:100%;\"\n                \/>\n            <\/a>\n        <\/div>\n\t\t\t\t\t\t\t<\/div> \n\t\t\t\n                            \n\t\t\t\t<div id=\"ngg-image-8\" class=\"ngg-gallery-thumbnail-box\" >\n\t\t\t\t        <div class=\"ngg-gallery-thumbnail\">\n            <a href=\"https:\/\/www.audrey-gerber.com\/wp-content\/gallery\/contrecollage\/CADRE_MDF_ALVEOLAIRE_16-PF_900px.jpg\"\n               title=\"\"\n               data-src=\"https:\/\/www.audrey-gerber.com\/wp-content\/gallery\/contrecollage\/CADRE_MDF_ALVEOLAIRE_16-PF_900px.jpg\"\n               data-thumbnail=\"https:\/\/www.audrey-gerber.com\/wp-content\/gallery\/contrecollage\/thumbs\/thumbs_CADRE_MDF_ALVEOLAIRE_16-PF_900px.jpg\"\n               data-image-id=\"1046\"\n               data-title=\"CADRE_MDF_ALVEOLAIRE_16-PF_900px\"\n               data-description=\"\"\n               data-image-slug=\"cadre_mdf_alveolaire_16-pf_900px\"\n               class=\"ngg-simplelightbox\" rel=\"1997\">\n                <img\n                    title=\"CADRE_MDF_ALVEOLAIRE_16-PF_900px\"\n                    alt=\"CADRE_MDF_ALVEOLAIRE_16-PF_900px\"\n                    src=\"https:\/\/www.audrey-gerber.com\/wp-content\/gallery\/contrecollage\/cache\/CADRE_MDF_ALVEOLAIRE_16-PF_900px.jpg-nggid041046-ngg0dyn-155x155x100-00f0w010c010r110f110r010t010.jpg\"\n                    width=\"155\"\n                    height=\"155\"\n                    style=\"max-width:100%;\"\n                \/>\n            <\/a>\n        <\/div>\n\t\t\t\t\t\t\t<\/div> \n\t\t\t\n                            \n\t\t\t\t<div id=\"ngg-image-9\" class=\"ngg-gallery-thumbnail-box\" >\n\t\t\t\t        <div class=\"ngg-gallery-thumbnail\">\n            <a href=\"https:\/\/www.audrey-gerber.com\/wp-content\/gallery\/contrecollage\/NOUVEAUTE_SUPPORT_ALVEOLAIRE_PF.jpg\"\n               title=\"\"\n               data-src=\"https:\/\/www.audrey-gerber.com\/wp-content\/gallery\/contrecollage\/NOUVEAUTE_SUPPORT_ALVEOLAIRE_PF.jpg\"\n               data-thumbnail=\"https:\/\/www.audrey-gerber.com\/wp-content\/gallery\/contrecollage\/thumbs\/thumbs_NOUVEAUTE_SUPPORT_ALVEOLAIRE_PF.jpg\"\n               data-image-id=\"1047\"\n               data-title=\"NOUVEAUTE_SUPPORT_ALVEOLAIRE_PF\"\n               data-description=\"\"\n               data-image-slug=\"nouveaute_support_alveolaire_pf\"\n               class=\"ngg-simplelightbox\" rel=\"1997\">\n                <img\n                    title=\"NOUVEAUTE_SUPPORT_ALVEOLAIRE_PF\"\n                    alt=\"NOUVEAUTE_SUPPORT_ALVEOLAIRE_PF\"\n                    src=\"https:\/\/www.audrey-gerber.com\/wp-content\/gallery\/contrecollage\/cache\/NOUVEAUTE_SUPPORT_ALVEOLAIRE_PF.jpg-nggid041047-ngg0dyn-155x155x100-00f0w010c010r110f110r010t010.jpg\"\n                    width=\"155\"\n                    height=\"155\"\n                    style=\"max-width:100%;\"\n                \/>\n            <\/a>\n        <\/div>\n\t\t\t\t\t\t\t<\/div> \n\t\t\t\n                                    <br style=\"clear: both\" \/>\n                    \n\t\t\n\t\t<!-- Pagination -->\n\t<div class='ngg-clear'><\/div>\t<\/div>\n<\/p>\n<p style=\"text-align: justify;\">Afin de pouvoir partager mes plus belles images, j&rsquo;ai d\u00e9velopp\u00e9 mes propres supports de contre-collage. Un objet d\u00e9coratif et original, \u00e0 la port\u00e9e de tous!<\/p>\n<p style=\"text-align: justify;\">Mes supports existent en plusieurs formats (11,5 x 11,5 cm \/\/ 20 x 20 cm\/\/20 x 30 cm \/\/ 30&#215;30 cm) et poss\u00e8dent un syst\u00e8me d&rsquo;accroche fiable pour \u00eatre suspendu gr\u00e2ce \u00e0 un simple clou.&nbsp;Les supports en Forex et MDF alv\u00e9olaire \u00e9pais de 19mm donnent l&rsquo;aspect d&rsquo;un joli cadre massif et peuvent \u00e9galement se tenir debout sur un meuble. Les supports sous forme de plaques (Forex blanc, Forex noir ou Alu) sont mont\u00e9s d&rsquo;un dos de 10 ou 13mm d&rsquo;\u00e9paisseur, donnant ainsi une impression de flottement. Les photos, quant \u00e0 elles, sont imprim\u00e9es sur du papier Fujicolor professionnel satin\u00e9 leur garantissant ainsi une longue dur\u00e9e de vie. Les tirages n&rsquo;ont pas \u00e9t\u00e9 lamin\u00e9s* afin de pr\u00e9server le grain du papier et l&rsquo;\u00e9clat des couleurs. Il est donc pr\u00e9f\u00e9rable de ne pas les exposer \u00e0 l&rsquo;eau ni \u00e0 un fort taux d&rsquo;humidit\u00e9. L&rsquo;entretien se fait \u00e0 l&rsquo;aide d&rsquo;un chiffon doux et sec.<\/p>\n<p><strong><span style=\"color: #000000;\">D\u00e9couvrez tous mes contrecollages dans la rubrique<\/span><\/strong><span style=\"color: #bb1a42;\"><strong> <a title=\"shop\" href=\"http:\/\/www.audrey-gerber.com\/?page_id=87\"><span style=\"color: #bb1a42;\">\u00ab\u00a0shop\u00a0\u00bb<\/span><\/a><\/strong><\/span><\/p>\n<address>\n<p style=\"text-align: justify;\"><span style=\"font-size: x-small;\"> *proc\u00e9d\u00e9 visant \u00e0 recouvrir le tirage d&rsquo;un fin film plastique transparent pour rendre la surface du cadre lavable et plus r\u00e9sistante aux UV.<\/span><\/p>\n<\/address>\n","protected":false},"excerpt":{"rendered":"<p>Afin de pouvoir partager mes plus belles images, j&rsquo;ai d\u00e9velopp\u00e9 mes propres supports de contre-collage. Un objet d\u00e9coratif et original, \u00e0 la port\u00e9e de tous! Mes supports existent en plusieurs formats (11,5 x 11,5 cm \/\/ 20 x 20 cm\/\/20 x 30 cm \/\/ 30&#215;30 cm) et poss\u00e8dent un syst\u00e8me d&rsquo;accroche fiable pour \u00eatre suspendu [&hellip;]<\/p>\n","protected":false},"author":2,"featured_media":0,"parent":0,"menu_order":0,"comment_status":"closed","ping_status":"closed","template":"template-full.php","meta":{"ngg_post_thumbnail":0},"_links":{"self":[{"href":"https:\/\/www.audrey-gerber.com\/index.php?rest_route=\/wp\/v2\/pages\/1654"}],"collection":[{"href":"https:\/\/www.audrey-gerber.com\/index.php?rest_route=\/wp\/v2\/pages"}],"about":[{"href":"https:\/\/www.audrey-gerber.com\/index.php?rest_route=\/wp\/v2\/types\/page"}],"author":[{"embeddable":true,"href":"https:\/\/www.audrey-gerber.com\/index.php?rest_route=\/wp\/v2\/users\/2"}],"replies":[{"embeddable":true,"href":"https:\/\/www.audrey-gerber.com\/index.php?rest_route=%2Fwp%2Fv2%2Fcomments&post=1654"}],"version-history":[{"count":63,"href":"https:\/\/www.audrey-gerber.com\/index.php?rest_route=\/wp\/v2\/pages\/1654\/revisions"}],"predecessor-version":[{"id":2974,"href":"https:\/\/www.audrey-gerber.com\/index.php?rest_route=\/wp\/v2\/pages\/1654\/revisions\/2974"}],"wp:attachment":[{"href":"https:\/\/www.audrey-gerber.com\/index.php?rest_route=%2Fwp%2Fv2%2Fmedia&parent=1654"}],"curies":[{"name":"wp","href":"https:\/\/api.w.org\/{rel}","templated":true}]}}