{"id":285,"date":"2013-12-04T11:54:30","date_gmt":"2013-12-04T10:54:30","guid":{"rendered":"http:\/\/www.audrey-gerber.com\/?page_id=285"},"modified":"2018-02-24T15:29:04","modified_gmt":"2018-02-24T14:29:04","slug":"bio-links","status":"publish","type":"page","link":"https:\/\/www.audrey-gerber.com\/?page_id=285","title":{"rendered":"bio"},"content":{"rendered":"<p style=\"text-align: left;\"><a href=\"http:\/\/www.audrey-gerber.com\/wp-content\/uploads\/2013\/12\/autoportrait_bio_audreygerber_ret_patrickdilenardo_app_900x600-2.jpg\"><img loading=\"lazy\" class=\"wp-image-2453\" src=\"http:\/\/www.audrey-gerber.com\/wp-content\/uploads\/2013\/12\/autoportrait_bio_audreygerber_ret_patrickdilenardo_app_900x600-2.jpg\" alt=\"\" width=\"450\" height=\"300\" srcset=\"https:\/\/www.audrey-gerber.com\/wp-content\/uploads\/2013\/12\/autoportrait_bio_audreygerber_ret_patrickdilenardo_app_900x600-2.jpg 900w, https:\/\/www.audrey-gerber.com\/wp-content\/uploads\/2013\/12\/autoportrait_bio_audreygerber_ret_patrickdilenardo_app_900x600-2-300x200.jpg 300w, https:\/\/www.audrey-gerber.com\/wp-content\/uploads\/2013\/12\/autoportrait_bio_audreygerber_ret_patrickdilenardo_app_900x600-2-768x512.jpg 768w, https:\/\/www.audrey-gerber.com\/wp-content\/uploads\/2013\/12\/autoportrait_bio_audreygerber_ret_patrickdilenardo_app_900x600-2-420x280.jpg 420w\" sizes=\"(max-width: 450px) 100vw, 450px\" \/><\/a><br \/>\n<span style=\"text-align: right;\"><em>&nbsp; &nbsp; &nbsp; &nbsp; &nbsp; &nbsp; &nbsp; &nbsp; &nbsp; &nbsp; &nbsp;&nbsp;<\/em><\/span><\/p>\n<p style=\"text-align: justify; color: #888888;\"><strong>Audrey Gerber<\/strong>&nbsp;est n\u00e9e \u00e0 Neuch\u00e2tel (Suisse) en 1982. Tr\u00e8s vite attir\u00e9e par les Beaux-Arts, elle exp\u00e9rimente plusieurs m\u00e9dias par le biais d&rsquo;\u00e9tudes gymnasiales en Arts-Visuels. Finalement, elle se tourne vers la photographie et obtient en 2008&nbsp;son CFC de photographe \u00e0 l&rsquo;Ecole Sup\u00e9rieure d&rsquo;Arts appliqu\u00e9s de Vevey. Parall\u00e8lement \u00e0 sa formation, elle rejoint en tant que choriste le chanteur Junior Tshaka et r\u00e9alise une s\u00e9rie de sculptures qu&rsquo;elle expose \u00e0 la galerie L&rsquo;APPARTE 33. Polyvalente et dynamique, Audrey aime les rencontres et le partage quel que soit le m\u00e9dium utilis\u00e9. Actuellement, son activit\u00e9 professionnelle est partag\u00e9e entre la musique, la photographie et un poste de monitrice socio-professionnelle \u00e0 la Fondation Les Perce-Neige.<\/p>\n<p><span style=\"color: #888888;\"> &#8211;<b> Travaux r\u00e9alis\u00e9s &#8211;<\/b><\/span><br \/>\n<span style=\"color: #888888;\"> Photos de presses, reportages, portraits, architectures, manifestations.<\/span><\/p>\n<p><span style=\"color: #888888;\"><b>&#8211; Publications &#8211;<\/b><\/span><br \/>\n<span style=\"color: #888888;\"> Le Matin, L&rsquo;Express, L&rsquo;Illustr\u00e9, Ragga Magazine.<\/span><\/p>\n<p><span style=\"color: #888888;\"><b>&#8211; Expositions &#8211;<\/b><\/span><br \/>\n<span style=\"color: #888888;\"> 2006 &#8211; Sculpture \u00e0 la Galerie L&rsquo;APPARTE 33, Boudry, Suisse.<\/span><br \/>\n<span style=\"color: #888888;\"> 2016 &#8211; Expo photo \u00ab\u00a0Ha\u00efku\u00a0\u00bb \u00e0 L&rsquo;Espace 27Evole, Neuch\u00e2tel, Suisse.<\/span><\/p>\n<p>&nbsp;<\/p>\n<p style=\"text-align: right;\"><span style=\"text-align: right;\"><em><span style=\"color: #888888;\"><span style=\"color: #888888;\">\u00a9 photographie&nbsp;Patrick Di Lenardo<\/span><\/span><\/em><\/span><\/p>\n","protected":false},"excerpt":{"rendered":"<p>&nbsp; &nbsp; &nbsp; &nbsp; &nbsp; &nbsp; &nbsp; &nbsp; &nbsp; &nbsp; &nbsp;&nbsp; Audrey Gerber&nbsp;est n\u00e9e \u00e0 Neuch\u00e2tel (Suisse) en 1982. Tr\u00e8s vite attir\u00e9e par les Beaux-Arts, elle exp\u00e9rimente plusieurs m\u00e9dias par le biais d&rsquo;\u00e9tudes gymnasiales en Arts-Visuels. Finalement, elle se tourne vers la photographie et obtient en 2008&nbsp;son CFC de photographe \u00e0 l&rsquo;Ecole Sup\u00e9rieure d&rsquo;Arts appliqu\u00e9s [&hellip;]<\/p>\n","protected":false},"author":2,"featured_media":0,"parent":0,"menu_order":0,"comment_status":"closed","ping_status":"closed","template":"template-full.php","meta":{"ngg_post_thumbnail":0},"_links":{"self":[{"href":"https:\/\/www.audrey-gerber.com\/index.php?rest_route=\/wp\/v2\/pages\/285"}],"collection":[{"href":"https:\/\/www.audrey-gerber.com\/index.php?rest_route=\/wp\/v2\/pages"}],"about":[{"href":"https:\/\/www.audrey-gerber.com\/index.php?rest_route=\/wp\/v2\/types\/page"}],"author":[{"embeddable":true,"href":"https:\/\/www.audrey-gerber.com\/index.php?rest_route=\/wp\/v2\/users\/2"}],"replies":[{"embeddable":true,"href":"https:\/\/www.audrey-gerber.com\/index.php?rest_route=%2Fwp%2Fv2%2Fcomments&post=285"}],"version-history":[{"count":126,"href":"https:\/\/www.audrey-gerber.com\/index.php?rest_route=\/wp\/v2\/pages\/285\/revisions"}],"predecessor-version":[{"id":2910,"href":"https:\/\/www.audrey-gerber.com\/index.php?rest_route=\/wp\/v2\/pages\/285\/revisions\/2910"}],"wp:attachment":[{"href":"https:\/\/www.audrey-gerber.com\/index.php?rest_route=%2Fwp%2Fv2%2Fmedia&parent=285"}],"curies":[{"name":"wp","href":"https:\/\/api.w.org\/{rel}","templated":true}]}}