{"id":1406,"date":"2014-05-13T17:45:31","date_gmt":"2014-05-13T16:45:31","guid":{"rendered":"http:\/\/www.audrey-gerber.com\/?product=diptyque-guanzhou"},"modified":"2017-12-18T11:39:57","modified_gmt":"2017-12-18T10:39:57","slug":"diptyque-guanzhou","status":"publish","type":"product","link":"https:\/\/www.audrey-gerber.com\/?product=diptyque-guanzhou","title":{"rendered":"Diptyque Guanzhou"},"content":{"rendered":"<address>&nbsp;<\/address>\n<address>Impression 11,5&#215;11,5 cm sur du Fujicolor Crystal Archive Paper Supreme Mat.<br \/>\nContre collage sur du Forex blanc de 19 mm d&rsquo;\u00e9paisseur.<br \/>\nSyst\u00e8me d&rsquo;accroche avec une rondelle de suspension de 13 mm de &nbsp;\u00d8.<\/address>\n<address>&nbsp;<\/address>\n<address>Le tirage n&rsquo;est pas prot\u00e9g\u00e9 contre les rayures et l&rsquo;humidit\u00e9.<\/address>\n<address>Entretien avec un chiffon doux et sec.&nbsp;<\/address>\n<address>&nbsp;<\/address>\n","protected":false},"excerpt":{"rendered":"<p>CONTRE COLLAGE SUR FOREX BLANC 19 MM<\/p>\n","protected":false},"featured_media":1869,"template":"","meta":{"ngg_post_thumbnail":0},"_links":{"self":[{"href":"https:\/\/www.audrey-gerber.com\/index.php?rest_route=\/wp\/v2\/product\/1406"}],"collection":[{"href":"https:\/\/www.audrey-gerber.com\/index.php?rest_route=\/wp\/v2\/product"}],"about":[{"href":"https:\/\/www.audrey-gerber.com\/index.php?rest_route=\/wp\/v2\/types\/product"}],"wp:featuredmedia":[{"embeddable":true,"href":"https:\/\/www.audrey-gerber.com\/index.php?rest_route=\/wp\/v2\/media\/1869"}],"wp:attachment":[{"href":"https:\/\/www.audrey-gerber.com\/index.php?rest_route=%2Fwp%2Fv2%2Fmedia&parent=1406"}],"curies":[{"name":"wp","href":"https:\/\/api.w.org\/{rel}","templated":true}]}}