{"id":1902,"date":"2014-09-12T17:19:52","date_gmt":"2014-09-12T16:19:52","guid":{"rendered":"http:\/\/www.audrey-gerber.com\/?product=pixel-mini-jaune"},"modified":"2017-11-18T11:34:10","modified_gmt":"2017-11-18T10:34:10","slug":"pixel-mini-jaune","status":"publish","type":"product","link":"https:\/\/www.audrey-gerber.com\/?product=pixel-mini-jaune","title":{"rendered":"PIXEL &#8211; mini &#8211; jaune"},"content":{"rendered":"<address>\u00a0<\/address>\n<address>Impression 30&#215;30 cm sur du Fujicolor Professional Paper Mat.<br \/>\nContre collage sur du Forex blanc de 3 mm d&rsquo;\u00e9paisseur.<br \/>\nDos en Forex blanc 10 mm pour que l&rsquo;oeuvre se d\u00e9tache du mur.<br \/>\nSyst\u00e8me d&rsquo;accroche avec une rondelle de suspension de 13 mm de \u00a0\u00d8.<\/address>\n<address>\u00a0<\/address>\n<address>Le tirage n&rsquo;est pas prot\u00e9g\u00e9 contre les rayures et l&rsquo;humidit\u00e9.<\/address>\n<address>Entretien avec un chiffon doux et sec.<\/address>\n<p>&nbsp;<\/p>\n","protected":false},"excerpt":{"rendered":"<p>CONTRE COLLAGE SUR FOREX BLANC 3 MM<\/p>\n","protected":false},"featured_media":1904,"template":"","meta":{"ngg_post_thumbnail":0},"_links":{"self":[{"href":"https:\/\/www.audrey-gerber.com\/index.php?rest_route=\/wp\/v2\/product\/1902"}],"collection":[{"href":"https:\/\/www.audrey-gerber.com\/index.php?rest_route=\/wp\/v2\/product"}],"about":[{"href":"https:\/\/www.audrey-gerber.com\/index.php?rest_route=\/wp\/v2\/types\/product"}],"wp:featuredmedia":[{"embeddable":true,"href":"https:\/\/www.audrey-gerber.com\/index.php?rest_route=\/wp\/v2\/media\/1904"}],"wp:attachment":[{"href":"https:\/\/www.audrey-gerber.com\/index.php?rest_route=%2Fwp%2Fv2%2Fmedia&parent=1902"}],"curies":[{"name":"wp","href":"https:\/\/api.w.org\/{rel}","templated":true}]}}